{"id":1119,"date":"2022-02-25T13:52:08","date_gmt":"2022-02-25T18:52:08","guid":{"rendered":"https:\/\/www.countrygatineau.com\/?page_id=1119"},"modified":"2024-03-19T09:41:53","modified_gmt":"2024-03-19T13:41:53","slug":"kiosques","status":"publish","type":"page","link":"https:\/\/www.countrygatineau.com\/fr\/kiosques\/","title":{"rendered":"Kiosques"},"content":{"rendered":"<section>\n\t<img loading=\"lazy\" decoding=\"async\" class=\"img-fluid wp-image-1091 w-100\" src=\"https:\/\/www.countrygatineau.com\/wp-content\/uploads\/2022\/02\/photo-benevole.jpg\" srcset=\"https:\/\/www.countrygatineau.com\/wp-content\/uploads\/2022\/02\/photo-benevole.jpg 1800w, https:\/\/www.countrygatineau.com\/wp-content\/uploads\/2022\/02\/photo-benevole-300x107.jpg 300w, https:\/\/www.countrygatineau.com\/wp-content\/uploads\/2022\/02\/photo-benevole-1024x365.jpg 1024w, https:\/\/www.countrygatineau.com\/wp-content\/uploads\/2022\/02\/photo-benevole-768x273.jpg 768w, https:\/\/www.countrygatineau.com\/wp-content\/uploads\/2022\/02\/photo-benevole-1536x547.jpg 1536w, https:\/\/www.countrygatineau.com\/wp-content\/uploads\/2022\/02\/photo-benevole-350x125.jpg 350w\" sizes=\"auto, (max-width: 1800px) 100vw, 1800px\" alt=\"\" width=\"1800\" height=\"641\"><br \/>\n<\/section>\n<section class=\"homecontent-container\">\n<div class=\"container\">\n<div class=\"row\">\n<div class=\"col-md-12\">\n<div class=\"lc-block\">\n<div editable=\"rich\">\n<h2>Devenez exposant pendant le festival country<\/h2>\n<p>Pour l\u2019\u00e9v\u00e9nement du 1<sup>er<\/sup> au 4 ao\u00fbt 2024<\/p>\n<\/p><\/div>\n<\/p><\/div>\n<p><!-- \/lc-block --><\/p>\n<div class=\"lc-block\"><a class=\"btn contact blanc\" href=\"https:\/\/www.countrygatineau.com\/wp-content\/uploads\/2024\/03\/Formulaire2024.pdf\" role=\"button\" target=\"_blank\" rel=\"noopener\">T\u00e9l\u00e9charger le formulaire<\/a><\/div>\n<p><!-- \/lc-block -->\n\t\t\t<\/div>\n<p><!-- \/col -->\n\t\t<\/div>\n<\/p><\/div>\n<\/section>\n","protected":false},"excerpt":{"rendered":"<p>Devenez exposant pendant le festival country Pour l\u2019\u00e9v\u00e9nement du 1er au 4 ao\u00fbt 2024 T\u00e9l\u00e9charger le formulaire<\/p>\n","protected":false},"author":1,"featured_media":0,"parent":0,"menu_order":0,"comment_status":"closed","ping_status":"closed","template":"","meta":{"_acf_changed":false,"footnotes":""},"class_list":["post-1119","page","type-page","status-publish","hentry"],"acf":[],"_links":{"self":[{"href":"https:\/\/www.countrygatineau.com\/fr\/wp-json\/wp\/v2\/pages\/1119","targetHints":{"allow":["GET"]}}],"collection":[{"href":"https:\/\/www.countrygatineau.com\/fr\/wp-json\/wp\/v2\/pages"}],"about":[{"href":"https:\/\/www.countrygatineau.com\/fr\/wp-json\/wp\/v2\/types\/page"}],"author":[{"embeddable":true,"href":"https:\/\/www.countrygatineau.com\/fr\/wp-json\/wp\/v2\/users\/1"}],"replies":[{"embeddable":true,"href":"https:\/\/www.countrygatineau.com\/fr\/wp-json\/wp\/v2\/comments?post=1119"}],"version-history":[{"count":12,"href":"https:\/\/www.countrygatineau.com\/fr\/wp-json\/wp\/v2\/pages\/1119\/revisions"}],"predecessor-version":[{"id":1651,"href":"https:\/\/www.countrygatineau.com\/fr\/wp-json\/wp\/v2\/pages\/1119\/revisions\/1651"}],"wp:attachment":[{"href":"https:\/\/www.countrygatineau.com\/fr\/wp-json\/wp\/v2\/media?parent=1119"}],"curies":[{"name":"wp","href":"https:\/\/api.w.org\/{rel}","templated":true}]}}