{"id":1088,"date":"2022-02-25T10:14:02","date_gmt":"2022-02-25T15:14:02","guid":{"rendered":"https:\/\/www.countrygatineau.com\/?page_id=1088"},"modified":"2024-04-26T10:04:12","modified_gmt":"2024-04-26T14:04:12","slug":"benevoles","status":"publish","type":"page","link":"https:\/\/www.countrygatineau.com\/fr\/benevoles\/","title":{"rendered":"B\u00e9n\u00e9voles"},"content":{"rendered":"<section>\n\t<img loading=\"lazy\" decoding=\"async\" class=\"img-fluid wp-image-1091 w-100\" src=\"https:\/\/www.countrygatineau.com\/wp-content\/uploads\/2022\/02\/photo-benevole.jpg\" srcset=\"https:\/\/www.countrygatineau.com\/wp-content\/uploads\/2022\/02\/photo-benevole.jpg 1800w, https:\/\/www.countrygatineau.com\/wp-content\/uploads\/2022\/02\/photo-benevole-300x107.jpg 300w, https:\/\/www.countrygatineau.com\/wp-content\/uploads\/2022\/02\/photo-benevole-1024x365.jpg 1024w, https:\/\/www.countrygatineau.com\/wp-content\/uploads\/2022\/02\/photo-benevole-768x273.jpg 768w, https:\/\/www.countrygatineau.com\/wp-content\/uploads\/2022\/02\/photo-benevole-1536x547.jpg 1536w, https:\/\/www.countrygatineau.com\/wp-content\/uploads\/2022\/02\/photo-benevole-350x125.jpg 350w\" sizes=\"auto, (max-width: 1800px) 100vw, 1800px\" alt=\"\" width=\"1800\" height=\"641\"><br \/>\n<\/section>\n<section class=\"homecontent-container\">\n<div class=\"container\">\n<div class=\"row\">\n<div class=\"col-md-12\">\n<div class=\"lc-block\">\n<div editable=\"rich\">\n<h2 class=\"h3\">B\u00e9n\u00e9voles<\/h2>\n<\/p><\/div>\n<\/p><\/div>\n<p><!-- \/lc-block -->\n\t\t\t<\/div>\n<p><!-- \/col -->\n\t\t<\/div>\n<\/p><\/div>\n<\/section>\n<section class=\"content-container\">\n<div class=\"container\">\n<div class=\"row\">\n<div class=\"col-12\">\n<div class=\"lc-block\">\n<div editable=\"rich\">\n<h3>Venez acqu\u00e9rir de l\u2019exp\u00e9rience enrichissante!<br \/><\/h3>\n<ul>\n\t\t\t\t\t\t<\/ul>\n<\/p><\/div>\n<\/p><\/div>\n<p><!-- \/lc-block -->\n\t\t\t<\/div>\n<p><!-- \/col --><\/p>\n<div class=\"col-lg-6\">\n<div class=\"lc-block\">\n<div editable=\"rich\">\n<h3 class=\"h4\">En quoi \u00e7a consiste?<\/h3>\n<ul>\n<li>Rejoindre une \u00e9quipe dynamique;<\/li>\n<li>Vivre une exp\u00e9rience unique;<\/li>\n<li>Contribuer \u00e0 une image de marque de Gatineau;<\/li>\n<li>Acqu\u00e9rir une exp\u00e9rience selon vos int\u00e9r\u00eats.<\/li>\n<\/ul><\/div>\n<\/p><\/div>\n<p><!-- \/lc-block -->\n\t\t\t<\/div>\n<p><!-- \/col --><\/p>\n<div class=\"col-lg-6\">\n<div class=\"lc-block\">\n<div editable=\"rich\">\n<h3 class=\"h4\">Quels sont les privil\u00e8ges?<\/h3>\n<ul>\n<li>Recevoir un t-shirt officiel du Festival \u00e0 porter lors de vos quarts de travail<\/li>\n<li>Un repas lors de la p\u00e9riode travaill\u00e9e, selon la politique de chaque secteur<\/li>\n<\/ul><\/div>\n<\/p><\/div>\n<p><!-- \/lc-block -->\n\t\t\t<\/div>\n<p><!-- \/col -->\n\t\t<\/div>\n<\/p><\/div>\n<\/section>\n<section class=\"content-container contact-container\">\n<div class=\"container\">\n<div class=\"row\">\n<div class=\"col-lg-12\">\n<div class=\"lc-block mb-5\">\n<div editable=\"rich\">\n<h3 class=\"h4 text-center\">Sections dans lesquelles nous recherchons des b\u00e9n\u00e9voles :<\/h3>\n<\/p><\/div>\n<\/p><\/div>\n<p><!-- \/lc-block -->\n\t\t\t<\/div>\n<div class=\"col-12 col-xl-10 col-xxl-8 mx-auto\">\n<div class=\"row\">\n<div class=\"col-12 col-lg-6 mb-4\">\n<div class=\"row align-items-center\">\n<div class=\"col-12 col-sm-auto\">\n<div class=\"lc-block\">\n\t\t\t\t\t\t\t\t\t<img loading=\"lazy\" decoding=\"async\" class=\"img-fluid wp-image-1096 mx-auto mb-4 mb-sm-0 d-block\" src=\"https:\/\/www.countrygatineau.com\/wp-content\/uploads\/2022\/02\/icone-securite.png\" srcset=\"\" sizes=\"auto, \" alt=\"\" width=\"83\" height=\"83\">\n\t\t\t\t\t\t\t\t<\/div>\n<p><!-- \/lc-block -->\n\t\t\t\t\t\t\t<\/div>\n<div class=\"col-12 col-sm\">\n<div class=\"lc-block text-center text-sm-left\">\n<div editable=\"rich\">\n<h4>S\u00e9curit\u00e9<\/h4>\n<\/p><\/div>\n<\/p><\/div>\n<p><!-- \/lc-block -->\n\t\t\t\t\t\t\t<\/div>\n<\/p><\/div>\n<\/p><\/div>\n<div class=\"col-12 col-lg-6 mb-4\">\n<div class=\"row align-items-center\">\n<div class=\"col-12 col-sm-auto\">\n<div class=\"lc-block\">\n\t\t\t\t\t\t\t\t\t<img loading=\"lazy\" decoding=\"async\" class=\"img-fluid wp-image-1098 mx-auto mb-4 mb-sm-0  d-block\" src=\"https:\/\/www.countrygatineau.com\/wp-content\/uploads\/2022\/02\/icone-recyclage.png\" srcset=\"\" sizes=\"auto, \" alt=\"\" width=\"83\" height=\"83\">\n\t\t\t\t\t\t\t\t<\/div>\n<p><!-- \/lc-block -->\n\t\t\t\t\t\t\t<\/div>\n<div class=\"col-12 col-sm\">\n<div class=\"lc-block text-center text-sm-left\">\n<div editable=\"rich\">\n<h4>\u00c9quipe verte<\/h4>\n<\/p><\/div>\n<\/p><\/div>\n<p><!-- \/lc-block -->\n\t\t\t\t\t\t\t<\/div>\n<\/p><\/div>\n<\/p><\/div>\n<div class=\"col-12 col-lg-6 mb-4\">\n<div class=\"row align-items-center\">\n<div class=\"col-12 col-sm-auto\">\n<div class=\"lc-block\">\n\t\t\t\t\t\t\t\t\t<img loading=\"lazy\" decoding=\"async\" class=\"img-fluid wp-image-1100 mx-auto mb-4 mb-sm-0 d-block\" src=\"https:\/\/www.countrygatineau.com\/wp-content\/uploads\/2022\/02\/icone-chapiteau.png\" srcset=\"\" sizes=\"auto, \" alt=\"\" width=\"83\" height=\"83\">\n\t\t\t\t\t\t\t\t<\/div>\n<p><!-- \/lc-block -->\n\t\t\t\t\t\t\t<\/div>\n<div class=\"col-12 col-sm\">\n<div class=\"lc-block text-center text-sm-left\">\n<div editable=\"rich\">\n<h4>Accueil et placier chapiteau<\/h4>\n<\/p><\/div>\n<\/p><\/div>\n<p><!-- \/lc-block -->\n\t\t\t\t\t\t\t<\/div>\n<\/p><\/div>\n<\/p><\/div>\n<div class=\"col-12 col-lg-6 mb-4\">\n<div class=\"row align-items-center\">\n<div class=\"col-12 col-sm-auto\">\n<div class=\"lc-block\">\n\t\t\t\t\t\t\t\t\t<img loading=\"lazy\" decoding=\"async\" class=\"img-fluid wp-image-1102 mx-auto mb-4 mb-sm-0  d-block\" src=\"https:\/\/www.countrygatineau.com\/wp-content\/uploads\/2022\/02\/icone-stationnement.png\" srcset=\"\" sizes=\"auto, \" alt=\"\" width=\"83\" height=\"83\">\n\t\t\t\t\t\t\t\t<\/div>\n<p><!-- \/lc-block -->\n\t\t\t\t\t\t\t<\/div>\n<div class=\"col-12 col-sm\">\n<div class=\"lc-block text-center text-sm-left\">\n<div editable=\"rich\">\n<h4>Accueil et placier stationnements et terrains de camping<\/h4>\n<\/p><\/div>\n<\/p><\/div>\n<p><!-- \/lc-block -->\n\t\t\t\t\t\t\t<\/div>\n<\/p><\/div>\n<\/p><\/div>\n<div class=\"col-12 col-lg-6 mb-4\">\n<div class=\"row align-items-center\">\n<div class=\"col-12 col-sm-auto\">\n<div class=\"lc-block\">\n\t\t\t\t\t\t\t\t\t<img loading=\"lazy\" decoding=\"async\" class=\"img-fluid wp-image-1104 mx-auto mb-4 mb-sm-0 d-block\" src=\"https:\/\/www.countrygatineau.com\/wp-content\/uploads\/2022\/02\/icone-entretien.png\" srcset=\"\" sizes=\"auto, \" alt=\"\" width=\"83\" height=\"83\">\n\t\t\t\t\t\t\t\t<\/div>\n<p><!-- \/lc-block -->\n\t\t\t\t\t\t\t<\/div>\n<div class=\"col-12 col-sm\">\n<div class=\"lc-block text-center text-sm-left\">\n<div editable=\"rich\">\n<h4>Entretien du site<\/h4>\n<\/p><\/div>\n<\/p><\/div>\n<p><!-- \/lc-block -->\n\t\t\t\t\t\t\t<\/div>\n<\/p><\/div>\n<\/p><\/div>\n<div class=\"col-12 col-lg-6 mb-4\">\n<div class=\"row align-items-center\">\n<div class=\"col-12 col-sm-auto\">\n<div class=\"lc-block\">\n\t\t\t\t\t\t\t\t\t<img loading=\"lazy\" decoding=\"async\" class=\"img-fluid wp-image-1108 mx-auto mb-4 mb-sm-0 d-block\" src=\"https:\/\/www.countrygatineau.com\/wp-content\/uploads\/2022\/02\/icone-publicite.png\" srcset=\"\" sizes=\"auto, \" alt=\"\" width=\"83\" height=\"83\">\n\t\t\t\t\t\t\t\t<\/div>\n<p><!-- \/lc-block -->\n\t\t\t\t\t\t\t<\/div>\n<div class=\"col-12 col-sm\">\n<div class=\"lc-block text-center text-sm-left\">\n<div editable=\"rich\">\n<h4>Distribution de la publicit\u00e9<\/h4>\n<\/p><\/div>\n<\/p><\/div>\n<p><!-- \/lc-block -->\n\t\t\t\t\t\t\t<\/div>\n<\/p><\/div>\n<\/p><\/div>\n<div class=\"col-12 col-lg-6 mb-4\">\n<div class=\"row align-items-center\">\n<div class=\"col-12 col-sm-auto\">\n<div class=\"lc-block\">\n\t\t\t\t\t\t\t\t\t<img loading=\"lazy\" decoding=\"async\" class=\"img-fluid wp-image-1106 mx-auto mb-4 mb-sm-0 d-block\" src=\"https:\/\/www.countrygatineau.com\/wp-content\/uploads\/2022\/02\/icone-accueil.png\" srcset=\"\" sizes=\"auto, \" alt=\"\" width=\"83\" height=\"83\">\n\t\t\t\t\t\t\t\t<\/div>\n<p><!-- \/lc-block -->\n\t\t\t\t\t\t\t<\/div>\n<div class=\"col-12 col-sm\">\n<div class=\"lc-block text-center text-sm-left\">\n<div editable=\"rich\">\n<h4>Journalier &#8211; soutien technique<\/h4>\n<\/p><\/div>\n<\/p><\/div>\n<p><!-- \/lc-block -->\n\t\t\t\t\t\t\t<\/div>\n<\/p><\/div>\n<\/p><\/div>\n<\/p><\/div>\n<\/p><\/div>\n<p><!-- \/col --><\/p>\n<div class=\"col-12 col-xl-10 col-xxl-8 mx-auto\">\n<div class=\"lc-block mb-5\">\n<div lc-helper=\"shortcode\" class=\"live-shortcode\">\n<div class=\"wpcf7 no-js\" id=\"wpcf7-f1196-o1\" lang=\"fr-FR\" dir=\"ltr\" data-wpcf7-id=\"1196\">\n<div class=\"screen-reader-response\"><p role=\"status\" aria-live=\"polite\" aria-atomic=\"true\"><\/p> <ul><\/ul><\/div>\n<form action=\"\/fr\/wp-json\/wp\/v2\/pages\/1088#wpcf7-f1196-o1\" method=\"post\" class=\"wpcf7-form init\" aria-label=\"Formulaire de contact\" novalidate=\"novalidate\" data-status=\"init\">\n<fieldset class=\"hidden-fields-container\"><input type=\"hidden\" name=\"_wpcf7\" value=\"1196\" \/><input type=\"hidden\" name=\"_wpcf7_version\" value=\"6.1.5\" \/><input type=\"hidden\" name=\"_wpcf7_locale\" value=\"fr_FR\" \/><input type=\"hidden\" name=\"_wpcf7_unit_tag\" value=\"wpcf7-f1196-o1\" \/><input type=\"hidden\" name=\"_wpcf7_container_post\" value=\"0\" \/><input type=\"hidden\" name=\"_wpcf7_posted_data_hash\" value=\"\" \/><input type=\"hidden\" name=\"_wpcf7_recaptcha_response\" value=\"\" \/>\n<\/fieldset>\n<div class=\"theForm\">\n\t<h4>Informations personnelles\n\t<\/h4>\n\t<div class=\"column d-flex align-items-center\">\n\t\t<p><label for=\"your-name\">Nom complet *<\/label><br \/>\n<span class=\"wpcf7-form-control-wrap\" data-name=\"your-name\"><input size=\"40\" maxlength=\"400\" class=\"wpcf7-form-control wpcf7-text wpcf7-validates-as-required\" id=\"your-name\" aria-required=\"true\" aria-invalid=\"false\" value=\"\" type=\"text\" name=\"your-name\" \/><\/span>\n\t\t<\/p>\n\t<\/div>\n\t<div class=\"column d-flex align-items-center\">\n\t\t<p><label for=\"your-email\">Courriel *<\/label><br \/>\n<span class=\"wpcf7-form-control-wrap\" data-name=\"your-email\"><input size=\"40\" maxlength=\"400\" class=\"wpcf7-form-control wpcf7-email wpcf7-validates-as-required wpcf7-text wpcf7-validates-as-email\" id=\"your-email\" aria-required=\"true\" aria-invalid=\"false\" value=\"\" type=\"email\" name=\"your-email\" \/><\/span>\n\t\t<\/p>\n\t<\/div>\n\t<div class=\"column d-flex align-items-center\">\n\t\t<p><label for=\"your-tel\">T\u00e9l\u00e9phone *<\/label><br \/>\n<span class=\"wpcf7-form-control-wrap\" data-name=\"your-tel\"><input size=\"40\" maxlength=\"400\" class=\"wpcf7-form-control wpcf7-tel wpcf7-validates-as-required wpcf7-text wpcf7-validates-as-tel\" id=\"your-tel\" aria-required=\"true\" aria-invalid=\"false\" value=\"\" type=\"tel\" name=\"your-tel\" \/><\/span>\n\t\t<\/p>\n\t<\/div>\n\t<div class=\"column d-flex align-items-center\">\n\t\t<p><label for=\"your-dob\">Date de naissance *<\/label><br \/>\n<span class=\"wpcf7-form-control-wrap\" data-name=\"your-dob\"><input size=\"40\" maxlength=\"400\" class=\"wpcf7-form-control wpcf7-text wpcf7-validates-as-required\" id=\"your-dob\" aria-required=\"true\" aria-invalid=\"false\" value=\"\" type=\"text\" name=\"your-dob\" \/><\/span>\n\t\t<\/p>\n\t<\/div>\n\t<div class=\"column d-flex align-items-center\">\n\t\t<p><label for=\"your-address\">Adresse *<\/label><br \/>\n<span class=\"wpcf7-form-control-wrap\" data-name=\"your-address\"><input size=\"40\" maxlength=\"400\" class=\"wpcf7-form-control wpcf7-text wpcf7-validates-as-required\" id=\"your-address\" aria-required=\"true\" aria-invalid=\"false\" value=\"\" type=\"text\" name=\"your-address\" \/><\/span>\n\t\t<\/p>\n\t<\/div>\n\t<h4>Personne \u00e0 rejoindre en cas d'urgence\n\t<\/h4>\n\t<div class=\"column d-flex align-items-center\">\n\t\t<p><label for=\"your-name-emergency\">Nom complet<\/label><br \/>\n<span class=\"wpcf7-form-control-wrap\" data-name=\"your-name-emergency\"><input size=\"40\" maxlength=\"400\" class=\"wpcf7-form-control wpcf7-text\" id=\"your-name-emergency\" aria-invalid=\"false\" value=\"\" type=\"text\" name=\"your-name-emergency\" \/><\/span>\n\t\t<\/p>\n\t<\/div>\n\t<div class=\"column d-flex align-items-center\">\n\t\t<p><label for=\"your-tel-emergency\">T\u00e9l\u00e9phone<\/label><br \/>\n<span class=\"wpcf7-form-control-wrap\" data-name=\"your-tel-emergency\"><input size=\"40\" maxlength=\"400\" class=\"wpcf7-form-control wpcf7-tel wpcf7-text wpcf7-validates-as-tel\" id=\"your-tel-emergency\" aria-invalid=\"false\" value=\"\" type=\"tel\" name=\"your-tel-emergency\" \/><\/span>\n\t\t<\/p>\n\t<\/div>\n\t<div class=\"column d-flex align-items-center\">\n\t\t<p><label for=\"your-family-link\">Lien de parent\u00e9<\/label><br \/>\n<span class=\"wpcf7-form-control-wrap\" data-name=\"your-family-link\"><input size=\"40\" maxlength=\"400\" class=\"wpcf7-form-control wpcf7-text\" id=\"your-family-link\" aria-invalid=\"false\" value=\"\" type=\"text\" name=\"your-family-link\" \/><\/span>\n\t\t<\/p>\n\t<\/div>\n\t<h4>Disponibilit\u00e9s\n\t<\/h4>\n\t<div class=\"column d-flex align-items-center\">\n\t\t<p><label for=\"your-nb-hours\">Nombre d'heures avant le festival<\/label><br \/>\n<span class=\"wpcf7-form-control-wrap\" data-name=\"your-nb-hours\"><input class=\"wpcf7-form-control wpcf7-number wpcf7-validates-as-number\" id=\"your-nb-hours\" aria-invalid=\"false\" value=\"\" type=\"number\" name=\"your-nb-hours\" \/><\/span>\n\t\t<\/p>\n\t<\/div>\n\t<h6>La journ\u00e9e du Jeudi\n\t<\/h6>\n\t<div class=\"column d-flex align-items-center\">\n\t\t<p><span class=\"wpcf7-form-control-wrap\" data-name=\"jeudi-day\"><span class=\"wpcf7-form-control wpcf7-checkbox\" id=\"mercredi-day\"><span class=\"wpcf7-list-item first\"><label><input type=\"checkbox\" name=\"jeudi-day[]\" value=\"Am\" \/><span class=\"wpcf7-list-item-label\">Am<\/span><\/label><\/span><span class=\"wpcf7-list-item\"><label><input type=\"checkbox\" name=\"jeudi-day[]\" value=\"Pm\" \/><span class=\"wpcf7-list-item-label\">Pm<\/span><\/label><\/span><span class=\"wpcf7-list-item last\"><label><input type=\"checkbox\" name=\"jeudi-day[]\" value=\"Soir\" \/><span class=\"wpcf7-list-item-label\">Soir<\/span><\/label><\/span><\/span><\/span>\n\t\t<\/p>\n\t<\/div>\n\t<h6>La journ\u00e9e du Vendredi\n\t<\/h6>\n\t<div class=\"column d-flex align-items-center\">\n\t\t<p><span class=\"wpcf7-form-control-wrap\" data-name=\"vendredi-day\"><span class=\"wpcf7-form-control wpcf7-checkbox\"><span class=\"wpcf7-list-item first\"><label><input type=\"checkbox\" name=\"vendredi-day[]\" value=\"Am\" \/><span class=\"wpcf7-list-item-label\">Am<\/span><\/label><\/span><span class=\"wpcf7-list-item\"><label><input type=\"checkbox\" name=\"vendredi-day[]\" value=\"Pm\" \/><span class=\"wpcf7-list-item-label\">Pm<\/span><\/label><\/span><span class=\"wpcf7-list-item last\"><label><input type=\"checkbox\" name=\"vendredi-day[]\" value=\"Soir\" \/><span class=\"wpcf7-list-item-label\">Soir<\/span><\/label><\/span><\/span><\/span>\n\t\t<\/p>\n\t<\/div>\n\t<h6>La journ\u00e9e du Samedi\n\t<\/h6>\n\t<div class=\"column d-flex align-items-center\">\n\t\t<p><span class=\"wpcf7-form-control-wrap\" data-name=\"samedi-day\"><span class=\"wpcf7-form-control wpcf7-checkbox\"><span class=\"wpcf7-list-item first\"><label><input type=\"checkbox\" name=\"samedi-day[]\" value=\"Am\" \/><span class=\"wpcf7-list-item-label\">Am<\/span><\/label><\/span><span class=\"wpcf7-list-item\"><label><input type=\"checkbox\" name=\"samedi-day[]\" value=\"Pm\" \/><span class=\"wpcf7-list-item-label\">Pm<\/span><\/label><\/span><span class=\"wpcf7-list-item last\"><label><input type=\"checkbox\" name=\"samedi-day[]\" value=\"Soir\" \/><span class=\"wpcf7-list-item-label\">Soir<\/span><\/label><\/span><\/span><\/span>\n\t\t<\/p>\n\t<\/div>\n\t<h6>La journ\u00e9e du Dimanche\n\t<\/h6>\n\t<div class=\"column d-flex align-items-center\">\n\t\t<p><span class=\"wpcf7-form-control-wrap\" data-name=\"dimanche-day\"><span class=\"wpcf7-form-control wpcf7-checkbox\"><span class=\"wpcf7-list-item first\"><label><input type=\"checkbox\" name=\"dimanche-day[]\" value=\"Am\" \/><span class=\"wpcf7-list-item-label\">Am<\/span><\/label><\/span><span class=\"wpcf7-list-item last\"><label><input type=\"checkbox\" name=\"dimanche-day[]\" value=\"Pm\" \/><span class=\"wpcf7-list-item-label\">Pm<\/span><\/label><\/span><\/span><\/span>\n\t\t<\/p>\n\t<\/div>\n\t<h4>Sections\n\t<\/h4>\n\t<div class=\"column d-flex align-items-center\">\n\t\t<p><span class=\"wpcf7-form-control-wrap\" data-name=\"your-sections\"><span class=\"wpcf7-form-control wpcf7-checkbox\" id=\"your-sections\"><span class=\"wpcf7-list-item first\"><label><input type=\"checkbox\" name=\"your-sections[]\" value=\"S\u00e9curit\u00e9\" \/><span class=\"wpcf7-list-item-label\">S\u00e9curit\u00e9<\/span><\/label><\/span><span class=\"wpcf7-list-item\"><label><input type=\"checkbox\" name=\"your-sections[]\" value=\"\u00c9quipe verte\" \/><span class=\"wpcf7-list-item-label\">\u00c9quipe verte<\/span><\/label><\/span><span class=\"wpcf7-list-item\"><label><input type=\"checkbox\" name=\"your-sections[]\" value=\"Accueil et placier chapiteau\" \/><span class=\"wpcf7-list-item-label\">Accueil et placier chapiteau<\/span><\/label><\/span><span class=\"wpcf7-list-item\"><label><input type=\"checkbox\" name=\"your-sections[]\" value=\"Accueil et placier stationnements et terrains de camping\" \/><span class=\"wpcf7-list-item-label\">Accueil et placier stationnements et terrains de camping<\/span><\/label><\/span><span class=\"wpcf7-list-item\"><label><input type=\"checkbox\" name=\"your-sections[]\" value=\"Entretien du site\" \/><span class=\"wpcf7-list-item-label\">Entretien du site<\/span><\/label><\/span><span class=\"wpcf7-list-item\"><label><input type=\"checkbox\" name=\"your-sections[]\" value=\"Distribution de la publicit\u00e9\" \/><span class=\"wpcf7-list-item-label\">Distribution de la publicit\u00e9<\/span><\/label><\/span><span class=\"wpcf7-list-item last\"><label><input type=\"checkbox\" name=\"your-sections[]\" value=\"Journalier - soutien technique\" \/><span class=\"wpcf7-list-item-label\">Journalier - soutien technique<\/span><\/label><\/span><\/span><\/span>\n\t\t<\/p>\n\t<\/div>\n\t<div class=\"column d-flex justify-content-end\">\n\t\t<p><span class=\"wpcf7-form-control-wrap\" data-name=\"confEmail\"><input size=\"40\" maxlength=\"400\" class=\"wpcf7-form-control wpcf7-text\" id=\"confEmail\" aria-invalid=\"false\" value=\"\" type=\"text\" name=\"confEmail\" \/><\/span><input class=\"wpcf7-form-control wpcf7-submit has-spinner btn contact blanc\" type=\"submit\" value=\"Soumettre\" \/>\n\t\t<\/p>\n\t<\/div>\n<\/div><div class=\"wpcf7-response-output\" aria-hidden=\"true\"><\/div>\n<\/form>\n<\/div>\n<\/div>\n<\/p><\/div>\n<p><!-- \/lc-block -->\n\t\t\t<\/div>\n<\/p><\/div>\n<\/p><\/div>\n<\/section>\n","protected":false},"excerpt":{"rendered":"<p>B\u00e9n\u00e9voles Venez acqu\u00e9rir de l\u2019exp\u00e9rience enrichissante! En quoi \u00e7a consiste? Rejoindre une \u00e9quipe dynamique; Vivre une exp\u00e9rience unique; Contribuer \u00e0 une image de marque de Gatineau; Acqu\u00e9rir une exp\u00e9rience selon [&hellip;]<\/p>\n","protected":false},"author":1,"featured_media":0,"parent":0,"menu_order":0,"comment_status":"closed","ping_status":"closed","template":"","meta":{"_acf_changed":false,"footnotes":""},"class_list":["post-1088","page","type-page","status-publish","hentry"],"acf":[],"_links":{"self":[{"href":"https:\/\/www.countrygatineau.com\/fr\/wp-json\/wp\/v2\/pages\/1088","targetHints":{"allow":["GET"]}}],"collection":[{"href":"https:\/\/www.countrygatineau.com\/fr\/wp-json\/wp\/v2\/pages"}],"about":[{"href":"https:\/\/www.countrygatineau.com\/fr\/wp-json\/wp\/v2\/types\/page"}],"author":[{"embeddable":true,"href":"https:\/\/www.countrygatineau.com\/fr\/wp-json\/wp\/v2\/users\/1"}],"replies":[{"embeddable":true,"href":"https:\/\/www.countrygatineau.com\/fr\/wp-json\/wp\/v2\/comments?post=1088"}],"version-history":[{"count":16,"href":"https:\/\/www.countrygatineau.com\/fr\/wp-json\/wp\/v2\/pages\/1088\/revisions"}],"predecessor-version":[{"id":1664,"href":"https:\/\/www.countrygatineau.com\/fr\/wp-json\/wp\/v2\/pages\/1088\/revisions\/1664"}],"wp:attachment":[{"href":"https:\/\/www.countrygatineau.com\/fr\/wp-json\/wp\/v2\/media?parent=1088"}],"curies":[{"name":"wp","href":"https:\/\/api.w.org\/{rel}","templated":true}]}}