{"id":1079,"date":"2022-02-24T14:55:14","date_gmt":"2022-02-24T19:55:14","guid":{"rendered":"https:\/\/www.countrygatineau.com\/?page_id=1079"},"modified":"2025-05-14T11:21:09","modified_gmt":"2025-05-14T15:21:09","slug":"faq","status":"publish","type":"page","link":"https:\/\/www.countrygatineau.com\/fr\/faq\/","title":{"rendered":"FAQ"},"content":{"rendered":"<section>\n\t<img loading=\"lazy\" decoding=\"async\" class=\"img-fluid wp-image-1081 w-100\" src=\"https:\/\/www.countrygatineau.com\/wp-content\/uploads\/2022\/02\/faq-banner.jpg\" srcset=\"https:\/\/www.countrygatineau.com\/wp-content\/uploads\/2022\/02\/faq-banner.jpg 1920w, https:\/\/www.countrygatineau.com\/wp-content\/uploads\/2022\/02\/faq-banner-300x75.jpg 300w, https:\/\/www.countrygatineau.com\/wp-content\/uploads\/2022\/02\/faq-banner-1024x254.jpg 1024w, https:\/\/www.countrygatineau.com\/wp-content\/uploads\/2022\/02\/faq-banner-768x191.jpg 768w, https:\/\/www.countrygatineau.com\/wp-content\/uploads\/2022\/02\/faq-banner-1536x382.jpg 1536w, https:\/\/www.countrygatineau.com\/wp-content\/uploads\/2022\/02\/faq-banner-350x87.jpg 350w\" sizes=\"auto, (max-width: 1920px) 100vw, 1920px\" alt=\"\" width=\"1920\" height=\"477\"><br \/>\n<\/section>\n<section class=\"homecontent-container\">\n<div class=\"container\">\n<div class=\"row\">\n<div class=\"col-md-12\">\n<div class=\"lc-block\">\n<div editable=\"rich\">\n<h2 class=\"h3\">Foire aux questions<\/h2>\n<\/p><\/div>\n<\/p><\/div>\n<p><!-- \/lc-block -->\n\t\t\t<\/div>\n<p><!-- \/col -->\n\t\t<\/div>\n<\/p><\/div>\n<\/section>\n<section class=\"faq-container\">\n<div class=\"container\">\n<div class=\"row\">\n<div class=\"col-md-12\">\n<div class=\"lc-block\">\n<div lc-helper=\"shortcode\" class=\"live-shortcode\"><div class=\"faq-list\"><div class=\"faq\" id=\"faq-1065\"><h3 class=\"faq-question h4 collapsed\" data-target=\"#faq-answer-1065\">Comment proc\u00e9der pour r\u00e9server et obtenir mon billet ou mon bracelet?<\/h3><div class=\"faq-answer\" id=\"faq-answer-1065\"><p class=\"text-uppercase\">Vous recevrez votre billet par courriel. Imprimez-le et pr\u00e9sentez-le \u00e0 l\u2019entr\u00e9e principale du site. Vous recevrez votre bracelet \u00e0 l\u2019entr\u00e9e si applicable.<\/p>\n<p class=\"text-uppercase\">Si vous n\u2019avez pas votre billet avec vous, vous devrez pr\u00e9senter une pi\u00e8ce d\u2019identit\u00e9 avec photo.<\/p>\n<ul>\n<li>La confirmation vous sera envoy\u00e9e par courriel suivant votre achat.<\/li>\n<\/ul>\n<p class=\"text-uppercase\">*Important<\/p>\n<ul>\n<li>Aucun remboursement ou \u00e9change. Toutes les ventes sont finales;<\/li>\n<li>Les bracelets ne sont pas transf\u00e9rables;<\/li>\n<li>Beau temps\/mauvais temps, les spectacles auront lieu;<\/li>\n<li>L\u2019horaire est sujet \u00e0 changement sans pr\u00e9avis.<\/li>\n<\/ul>\n<\/div><\/div><div class=\"faq\" id=\"faq-1071\"><h3 class=\"faq-question h4 collapsed\" data-target=\"#faq-answer-1071\">Comment r\u00e9server votre section de camping?<\/h3><div class=\"faq-answer\" id=\"faq-answer-1071\"><p>La section de camping est r\u00e9serv\u00e9e sur une section du site pour les v\u00e9hicules r\u00e9cr\u00e9atifs.<\/p>\n<p>Une copie des r\u00e8glements concernant le camping est disponible sur le site;<\/p>\n<p>Les inscriptions se font aux heures d\u2019ouverture indiqu\u00e9es ci-dessou.<\/p>\n<p>Une section de camping est disponible au co\u00fbt de 30 $ par personne pour tout achat de deux forfaits r\u00e9guliers ou VIP. Ceci comprend un service de navette.<\/p>\n<p><strong>Deux sites de camping seront disponibles lors du festival :<\/strong><\/p>\n<p>Aire de stationnement chez Rona + , 95, rue Atawe, Gatineau, Qu\u00e9bec, J8Y 6W7<br \/>\net<br \/>\nquelques places pour les personnes \u00e0 mobilit\u00e9 r\u00e9duire au Parc Desjardins, 1 Rue Goyette, Gatineau, QC J8X 1B4<\/p>\n<p>Advenant que le stationnement du Rona + soit plein, une troisi\u00e8me aire de stationnement est pr\u00e9vue en cas de besoin.<\/p>\n<p>La billetterie pour le camping sera dans le stationnement du Rona + au 95, rue Atawe, Gatineau, Qu\u00e9bec, J8Y 6W7<\/p>\n<p><strong>Les heures d\u2019ouverture sont :<\/strong><br \/>\nMercredi 31 juillet 2024 de 12h00 \u00e0 20h00<br \/>\nJeudi 1er ao\u00fbt 2024 de 12h00 \u00e0 20h00<br \/>\nVendredi 2 ao\u00fbt 2024 de 12h00 \u00e0 20h00<\/p>\n<\/div><\/div><div class=\"faq\" id=\"faq-1077\"><h3 class=\"faq-question h4 collapsed\" data-target=\"#faq-answer-1077\">Est-ce qu'il y aura une v\u00e9rification des sacs?<\/h3><div class=\"faq-answer\" id=\"faq-answer-1077\"><p><strong>Tous les sacs seront v\u00e9rifi\u00e9s \u00e0 l\u2019entr\u00e9e du festival.<\/strong><\/p>\n<ul>\n<li>Il est strictement interdit d\u2019apporter de l\u2019alcool sur le site du festival;<\/li>\n<li>Vous devez avoir 18 ans et poss\u00e9der une carte d\u2019identit\u00e9 valide avec photo, \u00e9mise par le Gouvernement afin d\u2019acheter de l\u2019alcool aux bars du Festival;<\/li>\n<li>*La direction et le personnel se r\u00e9servent le droit de refuser l\u2019entr\u00e9e ou le service \u00e0 toute personne pr\u00e9sentant des signes d\u2019intoxication, ayant un comportement inappropri\u00e9, agressif, violent ou faisant l\u2019usage ou en possession de stup\u00e9fiants ill\u00e9gaux. Ces personnes peuvent \u00eatre expuls\u00e9es des lieux;<\/li>\n<li><strong>La photographie professionnelle et le mat\u00e9riel d\u2019enregistrement sont interdits.<\/strong><\/li>\n<\/ul>\n<\/div><\/div><div class=\"faq\" id=\"faq-1076\"><h3 class=\"faq-question h4 collapsed\" data-target=\"#faq-answer-1076\">Est-il permis de fumer du tabac et de la marijuana?<\/h3><div class=\"faq-answer\" id=\"faq-answer-1076\"><p>Il sera permis de fumer dans l\u2019endroit r\u00e9serv\u00e9 \u00e0 cette fin sur le site seulement<\/p>\n<\/div><\/div><div class=\"faq\" id=\"faq-1075\"><h3 class=\"faq-question h4 collapsed\" data-target=\"#faq-answer-1075\">Le site est-il adapt\u00e9 pour les personnes \u00e0 mobilit\u00e9 r\u00e9duite?<\/h3><div class=\"faq-answer\" id=\"faq-answer-1075\"><p>Les personnes \u00e0 mobilit\u00e9 r\u00e9duite ou ayant un handicap sont les bienvenues \u00e0 notre \u00e9v\u00e9nement.<\/p>\n<ul>\n<li>Une zone est r\u00e9serv\u00e9e aux fauteuils roulants avec acc\u00e8s facile aux toilettes<\/li>\n<li>Pour les personnes qui doivent \u00eatre accompagn\u00e9es, l\u2019accompagnateur doit \u00e9galement payer son entr\u00e9e.<\/li>\n<li>Les animaux d\u2019assistance enregistr\u00e9s et dress\u00e9s pour aider une personne handicap\u00e9e sont permis<\/li>\n<\/ul>\n<\/div><\/div><div class=\"faq\" id=\"faq-1078\"><h3 class=\"faq-question h4 collapsed\" data-target=\"#faq-answer-1078\">Les animaux sont-ils permis?<\/h3><div class=\"faq-answer\" id=\"faq-answer-1078\"><p>Aucun animal ne sera tol\u00e9r\u00e9 sur le site du Festival \u00e0 moins que ce ne soient des animaux d\u2019assistance enregistr\u00e9s pour personnes handicap\u00e9es.<\/p>\n<p>Seule la section de camping autorise la garde d\u2019un animal \u00e0 l\u2019int\u00e9rieur du v\u00e9hicule r\u00e9cr\u00e9atif.<\/p>\n<\/div><\/div><div class=\"faq\" id=\"faq-1069\"><h3 class=\"faq-question h4 collapsed\" data-target=\"#faq-answer-1069\">O\u00f9 se trouve le stationnement?<\/h3><div class=\"faq-answer\" id=\"faq-answer-1069\"><p>80 stationnements sont disponibles dans la cour du Centre P\u00e8re Arthur Guertin.<\/p>\n<p>Des stationnements dans les rues avoisinantes sont \u00e9galement disponibles dans les endroits autoris\u00e9s par la ville.<\/p>\n<\/div><\/div><div class=\"faq\" id=\"faq-1072\"><h3 class=\"faq-question h4 collapsed\" data-target=\"#faq-answer-1072\">Peut-on acheter de la nourriture et boisson sur le site?<\/h3><div class=\"faq-answer\" id=\"faq-answer-1072\"><p>Le festival est \u00e9co-responsable, utilise des items recyclables et poss\u00e8de une \u00e9quipe verte en tout temps sur le site.<\/p>\n<p>Des kiosques alimentaires sont disponibles sur le site:<\/p>\n<ul>\n<li>Pr\u00e9sentant des menus vari\u00e9s et d\u00e9licieux;<\/li>\n<li>Il y a 2 bars pour la vente de boissons durant les heures d\u2019op\u00e9ration.<\/li>\n<\/ul>\n<\/div><\/div><div class=\"faq\" id=\"faq-1073\"><h3 class=\"faq-question h4 collapsed\" data-target=\"#faq-answer-1073\">Qu'arrivera-t-il si la temp\u00e9rature est mauvaise?<\/h3><div class=\"faq-answer\" id=\"faq-answer-1073\"><p>Le Festival aura lieu beau temps, mauvais temps. Les concerts seront pr\u00e9sent\u00e9s \u00e0 l\u2019int\u00e9rieur du Centre P\u00e8re Arthur Guertin.<\/p>\n<\/div><\/div><div class=\"faq\" id=\"faq-1066\"><h3 class=\"faq-question h4 collapsed\" data-target=\"#faq-answer-1066\">Quelles sont les heures d'op\u00e9ration de la billeterie (sur le site)?<\/h3><div class=\"faq-answer\" id=\"faq-answer-1066\"><p>Les inscriptions pour les v\u00e9hicules r\u00e9cr\u00e9atifs se feront les jours o\u00f9 la billetterie est ouverte.<\/p>\n<ul>\n<li>Jeudi le 1er ao\u00fbt 2024 : 12h00 \u00e0 21h30;<\/li>\n<li>Vendredi le 2 ao\u00fbt 2024 : 12h00 \u00e0 21h30;<\/li>\n<li>Samedi le 3 ao\u00fbt 2024 : 12h00 \u00e0 21h30;<\/li>\n<li>Dimanche le 4 ao\u00fbt 2024 : 12h00 \u00e0 20h00;<\/li>\n<\/ul>\n<\/div><\/div><div class=\"faq\" id=\"faq-1070\"><h3 class=\"faq-question h4 collapsed\" data-target=\"#faq-answer-1070\">Quels sont les forfaits disponibles?<\/h3><div class=\"faq-answer\" id=\"faq-answer-1070\"><p><strong>Table privil\u00e8ge<\/strong><\/p>\n<p>10 tables de 4 places<\/p>\n<p>Table pour la journ\u00e9e \u2013 250$ ou 400$ selon la journ\u00e9e du spectacle<\/p>\n<p>Table pour les 4 jours \u2013 800 $<\/p>\n<p>Vous offre une table et des billets pour 4 personnes \u00e0 l\u2019avant de la sc\u00e8ne<\/p>\n<p>L\u2019achat d\u2019une table privil\u00e8ge de 4 jours vous donne \u00e9galement droit soit \u00e0 un terrain de camping ou deux terrains de camping selon votre s\u00e9lection d\u2019achat.<\/p>\n<p><strong>Zone VIP<\/strong><\/p>\n<ul>\n<li>Limite de 200 chaises;<\/li>\n<li>Votre place (chaise fournie) sera r\u00e9serv\u00e9e pour les 4 jours de spectacles avec tout achat de forfait VIP 4 jours.<\/li>\n<\/ul>\n<p><strong>Zone R\u00e9guli\u00e8re<\/strong><\/p>\n<ul>\n<li>Propose une section derri\u00e8re la zone VIP;<\/li>\n<li>250 chaises seront disponibles pour les premiers arriv\u00e9s.\u00a0 Les autres personnes devront demeurer debout.<\/li>\n<li>Donne acc\u00e8s \u00e0 un bar;<\/li>\n<\/ul>\n<p><strong>Le port de chapeau haut (genre cowboy) n\u2019est pas permis afin d\u2019\u00e9viter de cacher la vue aux gens derri\u00e8re;<\/strong><\/p>\n<p><strong>N\u2019apportez pas de chaise puisque les spectacles sont offerts \u00e0 l\u2019int\u00e9rieur.<\/strong><\/p>\n<\/div><\/div><\/div><\/div>\n<\/p><\/div>\n<p><!-- \/lc-block -->\n\t\t\t<\/div>\n<p><!-- \/col -->\n\t\t<\/div>\n<\/p><\/div>\n<\/section>\n","protected":false},"excerpt":{"rendered":"<p>Foire aux questions<\/p>\n","protected":false},"author":1,"featured_media":0,"parent":0,"menu_order":0,"comment_status":"closed","ping_status":"closed","template":"","meta":{"_acf_changed":false,"footnotes":""},"class_list":["post-1079","page","type-page","status-publish","hentry"],"acf":[],"_links":{"self":[{"href":"https:\/\/www.countrygatineau.com\/fr\/wp-json\/wp\/v2\/pages\/1079","targetHints":{"allow":["GET"]}}],"collection":[{"href":"https:\/\/www.countrygatineau.com\/fr\/wp-json\/wp\/v2\/pages"}],"about":[{"href":"https:\/\/www.countrygatineau.com\/fr\/wp-json\/wp\/v2\/types\/page"}],"author":[{"embeddable":true,"href":"https:\/\/www.countrygatineau.com\/fr\/wp-json\/wp\/v2\/users\/1"}],"replies":[{"embeddable":true,"href":"https:\/\/www.countrygatineau.com\/fr\/wp-json\/wp\/v2\/comments?post=1079"}],"version-history":[{"count":8,"href":"https:\/\/www.countrygatineau.com\/fr\/wp-json\/wp\/v2\/pages\/1079\/revisions"}],"predecessor-version":[{"id":1706,"href":"https:\/\/www.countrygatineau.com\/fr\/wp-json\/wp\/v2\/pages\/1079\/revisions\/1706"}],"wp:attachment":[{"href":"https:\/\/www.countrygatineau.com\/fr\/wp-json\/wp\/v2\/media?parent=1079"}],"curies":[{"name":"wp","href":"https:\/\/api.w.org\/{rel}","templated":true}]}}