{"id":1011,"date":"2022-02-16T13:45:17","date_gmt":"2022-02-16T18:45:17","guid":{"rendered":"https:\/\/www.countrygatineau.com\/?page_id=1011"},"modified":"2024-04-24T09:25:03","modified_gmt":"2024-04-24T13:25:03","slug":"hebergement","status":"publish","type":"page","link":"https:\/\/www.countrygatineau.com\/fr\/hebergement\/","title":{"rendered":"H\u00e9bergement"},"content":{"rendered":"<section>\n\t<img loading=\"lazy\" decoding=\"async\" class=\"img-fluid w-100 wp-image-1657\" src=\"https:\/\/www.countrygatineau.com\/wp-content\/uploads\/2024\/04\/He\u0301bergement-202447065.png\" srcset=\"https:\/\/www.countrygatineau.com\/wp-content\/uploads\/2024\/04\/He\u0301bergement-202447065.png 2400w, https:\/\/www.countrygatineau.com\/wp-content\/uploads\/2024\/04\/He\u0301bergement-202447065-300x150.png 300w, https:\/\/www.countrygatineau.com\/wp-content\/uploads\/2024\/04\/He\u0301bergement-202447065-1024x512.png 1024w, https:\/\/www.countrygatineau.com\/wp-content\/uploads\/2024\/04\/He\u0301bergement-202447065-768x384.png 768w, https:\/\/www.countrygatineau.com\/wp-content\/uploads\/2024\/04\/He\u0301bergement-202447065-1536x768.png 1536w, https:\/\/www.countrygatineau.com\/wp-content\/uploads\/2024\/04\/He\u0301bergement-202447065-2048x1024.png 2048w, https:\/\/www.countrygatineau.com\/wp-content\/uploads\/2024\/04\/He\u0301bergement-202447065-350x175.png 350w\" sizes=\"auto, (max-width: 2400px) 100vw, 2400px\" alt=\"\" width=\"2400\" height=\"1200\"><br \/>\n<\/section>\n<section class=\"homecontent-container\">\n<div class=\"container\">\n<div class=\"row\">\n<div class=\"col-md-12\">\n<div class=\"lc-block\">\n<div editable=\"rich\">\n<h2 class=\"h3\">H\u00e9bergement<\/h2>\n<\/p><\/div>\n<\/p><\/div>\n<p><!-- \/lc-block -->\n\t\t\t<\/div>\n<p><!-- \/col -->\n\t\t<\/div>\n<\/p><\/div>\n<\/section>\n<section class=\"content-container\">\n<div class=\"container\">\n<div class=\"row\">\n<div class=\"col-lg-12\">\n<div class=\"lc-block\">\n<div class=\"embed-responsive embed-responsive-16by9\" lc-helper=\"gmap-embed\">\n\t\t\t\t\t\t<iframe class=\"embed-responsive-item\" src=\"https:\/\/maps.google.com\/maps?q=205%20Boulevard%20Saint-Joseph%2C%20Gatineau%2C%20Quebec&amp;t=m&amp;z=14&amp;output=embed&amp;iwloc=near\"><\/iframe>\n\t\t\t\t\t<\/div>\n<\/p><\/div>\n<p><!-- \/lc-block -->\n\t\t\t<\/div>\n<p><!-- \/col -->\n\t\t<\/div>\n<\/p><\/div>\n<\/section>\n<section class=\"content-container d-none\">\n<div class=\"container\">\n<div class=\"row\">\n<div class=\"col-lg-8\">\n<div class=\"lc-block\">\n<div editable=\"rich\">\n<h3>H\u00f4tel<\/h3>\n<p>Ramada Plaza, Le Manoir du Casino<br \/>\n\t\t\t\t\t\t\tSitu\u00e9 au 75, rue d\u2019Edmonton, Gatineau Qc<br \/>\n\t\t\t\t\t\t\tR\u00e9servation : 1-800-296-9046 ou 819-777-7538<br \/>\n\t\t\t\t\t\t\tVeuillez mentionner que vous r\u00e9servez votre chambre dans le cadre du Festival country du Grand Gatineau<\/p>\n<p><strong>R\u00c9SERVEZ RAPIDEMENT LES PLACES SONT LIMIT\u00c9ES<\/strong><br \/>\n\t\t\t\t\t\t\tDate limite de r\u00e9servation : 24 juillet 2022<\/p>\n<p><strong>TARIFS DANS LE CADRE DU FESTIVAL COUNTRY DU GRAND GATINEAU<br \/>(4 AU 7 AO\u00dbT 2022)<\/strong><\/p>\n<p>130$ la nuit\u00e9e en occupation double (2 lits queen)<br \/>\n\t\t\t\t\t\t\tD\u00e9jeuner inclus dans le tarif de chambre pour 2 personnes maximum par chambre<\/p>\n<p><strong>NOTES:<\/strong> Les tarifs mentionn\u00e9s ci-haut sont nets et sujets \u00e0 l\u2019application des taxes (5% TPS et 9.975% TVQ) ainsi que 3.50% de taxes d\u2019h\u00e9bergement.\n\t\t\t\t\t\t<\/p>\n<ul class=\"mb-5\">\n<li><strong>HEURE D\u2019ARRIV\u00c9E:<\/strong> 16h00<\/li>\n<li><strong>HEURE DE D\u00c9PART:<\/strong> 12h00 (midi)<\/li>\n<\/ul>\n<h3 class=\"h4\">POLITIQUE D\u2019ANNULATION :<\/h3>\n<p>Si pour une raison quelconque vous deviez annuler votre \u00e9v\u00e9nement, les politiques d\u2019annulation suivantes s\u2019appliqueront :<\/p>\n<ul>\n<li><strong>30 jours et plus<\/strong> avant la date d\u2019arriv\u00e9e &#8211; aucuns frais d\u2019annulation<\/li>\n<li><strong>Moins de 30 jours<\/strong> avant la date d\u2019arriv\u00e9e &#8211; 50% de la valeur totale des nuit\u00e9es<\/li>\n<li><strong>Moins de 14 jours<\/strong> avant la date d\u2019arriv\u00e9e &#8211; 100% de la valeur totale des nuit\u00e9es<\/li>\n<\/ul><\/div>\n<\/p><\/div>\n<p><!-- \/lc-block -->\n\t\t\t<\/div>\n<p><!-- \/col --><\/p>\n<div class=\"col-lg-4\">\n<div class=\"lc-block\">\n\t\t\t\t\t<img loading=\"lazy\" decoding=\"async\" class=\"img-fluid wp-image-1317  mb-4\" src=\"https:\/\/www.countrygatineau.com\/wp-content\/uploads\/2022\/04\/exterieur-de-lhotel-avant.jpeg\" width=\"640\" height=\"427\" srcset=\"https:\/\/www.countrygatineau.com\/wp-content\/uploads\/2022\/04\/exterieur-de-lhotel-avant.jpeg 640w, https:\/\/www.countrygatineau.com\/wp-content\/uploads\/2022\/04\/exterieur-de-lhotel-avant-300x200.jpeg 300w, https:\/\/www.countrygatineau.com\/wp-content\/uploads\/2022\/04\/exterieur-de-lhotel-avant-294x196.jpeg 294w\" sizes=\"auto, (max-width: 640px) 100vw, 640px\" alt=\"\">\n\t\t\t\t<\/div>\n<p><!-- \/lc-block --><\/p>\n<div class=\"lc-block\">\n\t\t\t\t\t<img loading=\"lazy\" decoding=\"async\" class=\"img-fluid wp-image-1315\" src=\"https:\/\/www.countrygatineau.com\/wp-content\/uploads\/2022\/04\/classic-queen-beds.jpeg\" width=\"640\" height=\"427\" srcset=\"https:\/\/www.countrygatineau.com\/wp-content\/uploads\/2022\/04\/classic-queen-beds.jpeg 640w, https:\/\/www.countrygatineau.com\/wp-content\/uploads\/2022\/04\/classic-queen-beds-300x200.jpeg 300w, https:\/\/www.countrygatineau.com\/wp-content\/uploads\/2022\/04\/classic-queen-beds-294x196.jpeg 294w\" sizes=\"auto, (max-width: 640px) 100vw, 640px\" alt=\"\">\n\t\t\t\t<\/div>\n<p><!-- \/lc-block -->\n\t\t\t<\/div>\n<p><!-- \/col -->\n\t\t<\/div>\n<\/p><\/div>\n<\/section>\n","protected":false},"excerpt":{"rendered":"<p>H\u00e9bergement H\u00f4tel Ramada Plaza, Le Manoir du Casino Situ\u00e9 au 75, rue d\u2019Edmonton, Gatineau Qc R\u00e9servation : 1-800-296-9046 ou 819-777-7538 Veuillez mentionner que vous r\u00e9servez votre chambre dans le cadre [&hellip;]<\/p>\n","protected":false},"author":1,"featured_media":0,"parent":0,"menu_order":0,"comment_status":"closed","ping_status":"closed","template":"","meta":{"_acf_changed":false,"footnotes":""},"class_list":["post-1011","page","type-page","status-publish","hentry"],"acf":[],"_links":{"self":[{"href":"https:\/\/www.countrygatineau.com\/fr\/wp-json\/wp\/v2\/pages\/1011","targetHints":{"allow":["GET"]}}],"collection":[{"href":"https:\/\/www.countrygatineau.com\/fr\/wp-json\/wp\/v2\/pages"}],"about":[{"href":"https:\/\/www.countrygatineau.com\/fr\/wp-json\/wp\/v2\/types\/page"}],"author":[{"embeddable":true,"href":"https:\/\/www.countrygatineau.com\/fr\/wp-json\/wp\/v2\/users\/1"}],"replies":[{"embeddable":true,"href":"https:\/\/www.countrygatineau.com\/fr\/wp-json\/wp\/v2\/comments?post=1011"}],"version-history":[{"count":9,"href":"https:\/\/www.countrygatineau.com\/fr\/wp-json\/wp\/v2\/pages\/1011\/revisions"}],"predecessor-version":[{"id":1659,"href":"https:\/\/www.countrygatineau.com\/fr\/wp-json\/wp\/v2\/pages\/1011\/revisions\/1659"}],"wp:attachment":[{"href":"https:\/\/www.countrygatineau.com\/fr\/wp-json\/wp\/v2\/media?parent=1011"}],"curies":[{"name":"wp","href":"https:\/\/api.w.org\/{rel}","templated":true}]}}