{"id":1007,"date":"2022-02-16T10:53:15","date_gmt":"2022-02-16T15:53:15","guid":{"rendered":"https:\/\/www.countrygatineau.com\/?page_id=1007"},"modified":"2023-11-01T11:26:32","modified_gmt":"2023-11-01T15:26:32","slug":"programmation-et-bracelets","status":"publish","type":"page","link":"https:\/\/www.countrygatineau.com\/fr\/programmation-et-bracelets\/","title":{"rendered":"Programmation et bracelets"},"content":{"rendered":"<section>\n\t<img loading=\"lazy\" decoding=\"async\" class=\"img-fluid wp-image-1060 w-100\" src=\"https:\/\/www.countrygatineau.com\/wp-content\/uploads\/2022\/02\/prog-banner.jpg\" srcset=\"https:\/\/www.countrygatineau.com\/wp-content\/uploads\/2022\/02\/prog-banner.jpg 1920w, https:\/\/www.countrygatineau.com\/wp-content\/uploads\/2022\/02\/prog-banner-300x75.jpg 300w, https:\/\/www.countrygatineau.com\/wp-content\/uploads\/2022\/02\/prog-banner-1024x254.jpg 1024w, https:\/\/www.countrygatineau.com\/wp-content\/uploads\/2022\/02\/prog-banner-768x191.jpg 768w, https:\/\/www.countrygatineau.com\/wp-content\/uploads\/2022\/02\/prog-banner-1536x382.jpg 1536w, https:\/\/www.countrygatineau.com\/wp-content\/uploads\/2022\/02\/prog-banner-350x87.jpg 350w\" sizes=\"auto, (max-width: 1920px) 100vw, 1920px\" alt=\"\" width=\"1920\" height=\"477\"><br \/>\n<\/section>\n<section class=\"homecontent-container\">\n<div class=\"container\">\n<div class=\"row\">\n<div class=\"col-md-12\">\n<div class=\"lc-block\">\n<div editable=\"rich\">\n<h2 class=\"h5\">Programmation des spectacles<\/h2>\n<\/p><\/div>\n<\/p><\/div>\n<p><!-- \/lc-block -->\n\t\t\t<\/div>\n<p><!-- \/col -->\n\t\t<\/div>\n<\/p><\/div>\n<\/section>\n<section class=\"homeevent-container not-main\">\n<div class=\"container\">\n<div class=\"row\">\n<div class=\"col-md-12\">\n<div class=\"lc-block\">\n<div lc-helper=\"shortcode\" class=\"live-shortcode\"><\/div>\n<\/p><\/div>\n<p><!-- \/lc-block -->\n\t\t\t<\/div>\n<p><!-- \/col -->\n\t\t<\/div>\n<\/p><\/div>\n<\/section>\n<section>\n<div lc-helper=\"shortcode\" class=\"live-shortcode d-none\"><section class=\"achat-billets d-flex flex-column\"><div class=\"container-fluid\" id=\"1600\"><div class=\"row\"><div class=\"col-md-6 order-md-2 wp-image-1560\" style=\"background:url(https:\/\/www.countrygatineau.com\/wp-content\/uploads\/2023\/11\/Visuel_PDV_Forfaits-4-jours@2x38798_Yannick.png);\"><\/div><div class=\"col-md-6 my-auto\"><h3 class=\"text-center mb-3\"><strong>Forfait 4 jours<\/strong><\/h3><div class=\"row\"><div class=\"col-12 col-lg-5 offset-lg-1\"><h5><strong>R\u00e9gulier<\/strong><\/h5><\/div><div class=\"col-12 col-lg-6\"><p>73.93 $ + tx (11.07 $) = 85.00 $<\/p>\n<\/div><div class=\"col-12 col-lg-5 offset-lg-1\"><h5><strong>VIP<\/strong><\/h5><\/div><div class=\"col-12 col-lg-6\"><p>91.32 $ + tx (13.68 $) = 115.00 $<\/p>\n<p>Place r\u00e9serv\u00e9e devant la sc\u00e8ne (chaise fournie)<\/p>\n<\/div><div class=\"col-12 col-lg-5 offset-lg-1\"><h5><strong>Forfait 4 jours \u2013 R\u00e9gulier Irvin Blais et VIP 3 jours<\/strong><\/h5><\/div><div class=\"col-12 col-lg-6\"><p>86.97 $ + tx (13.03 $) = 100<\/p>\n<p>(chaise fournie)<\/p>\n<\/div><div class=\"col-12 col-lg-5 offset-lg-1\"><h5><strong>TABLE EXCLUSIVE 4 JOURS POUR 4 PERSONNES<\/strong><\/h5><\/div><div class=\"col-12 col-lg-6\"><p>695.80$ + tx (104.20 $) = 800 $<\/p>\n<\/div><\/div><div class=\"d-flex justify-content-center\"><a class=\"btn contact blanc mt-5 mt-md-4 mt-xl-3\" href=\"https:\/\/lepointdevente.com\/billets\/forfait4jrs\" target=\"_blank\" role=\"button\">Achetez vos billets<\/a><\/div><\/div><\/div><\/div><div class=\"container-fluid\" id=\"1601\"><div class=\"row\"><div class=\"col-md-6  wp-image-1560\" style=\"background:url(https:\/\/www.countrygatineau.com\/wp-content\/uploads\/2023\/11\/Visuel_PDV_Forfaits-4-jours-Camping@2x38799_Yannick-1.png);\"><\/div><div class=\"col-md-6 my-auto\"><h3 class=\"text-center mb-3\"><strong>Forfait 4 jours et camping<\/strong><\/h3><div class=\"row\"><div class=\"col-12 col-lg-5 offset-lg-1\"><h5><strong>FORFAIT 4 JOURS R\u00c9GULIERS + CAMPING<\/strong><\/h5><\/div><div class=\"col-12 col-lg-6\"><p>82.63 $ + tx (12.37 $) = 95.00 $<\/p>\n<\/div><div class=\"col-12 col-lg-5 offset-lg-1\"><h5><strong>Forfait 4 jours r\u00e9guliers + camping + navette<\/strong><\/h5><\/div><div class=\"col-12 col-lg-6\"><p>99.07 $ + tx (15.93 $) = 115.00 $<br \/>\n(Chaise fournie)<\/p>\n<\/div><div class=\"col-12 col-lg-5 offset-lg-1\"><h5><strong>FORFAIT 4 JOURS VIP + CAMPING <\/strong><\/h5><\/div><div class=\"col-12 col-lg-6\"><p>108.72 $ + tx (16.28 $) = 125.00 $<\/p>\n<p>Place r\u00e9serv\u00e9e devant la sc\u00e8ne (chaise fournie)<\/p>\n<\/div><div class=\"col-12 col-lg-5 offset-lg-1\"><h5><strong>Forfait 4 jours VIP + camping + navette<\/strong><\/h5><\/div><div class=\"col-12 col-lg-6\"><p>126.11 $ + tx (18.89 $) = 145.00 $<\/p>\n<p>Place r\u00e9serv\u00e9e devant la sc\u00e8ne (chaise fournie)<\/p>\n<\/div><div class=\"col-12 col-lg-5 offset-lg-1\"><h5><strong>FORFAIT 4 JOURS \u2013 R\u00c9GULIER IRVIN BLAIS ET VIP 3 JOURS AVEC CAMPING<\/strong><\/h5><\/div><div class=\"col-12 col-lg-6\"><p>95.68 $ + tx (14.32$) = 110 $<br \/>\n(chaise fournie)<\/p>\n<\/div><div class=\"col-12 col-lg-5 offset-lg-1\"><h5><strong>Forfait 4 jours \u2013 R\u00e9gulier Irvin Blais et VIP 3 jours avec camping et navette<\/strong><\/h5><\/div><div class=\"col-12 col-lg-6\"><p>113.07 $ + tx (16.93$) = 130 $<\/p>\n<p>(chaise fournie)<\/p>\n<\/div><div class=\"col-12 col-lg-5 offset-lg-1\"><h5><strong>TABLE EXCLUSIVE 4 JOURS POUR 4 PERSONNES + camping<\/strong><\/h5><\/div><div class=\"col-12 col-lg-6\"><p>695.80$ + tx (104.20 $) = 800.00 $<\/p>\n<\/div><\/div><div class=\"d-flex justify-content-center\"><a class=\"btn contact blanc mt-5 mt-md-4 mt-xl-3\" href=\"https:\/\/lepointdevente.com\/billets\/forfait4jrs-camping\" target=\"_blank\" role=\"button\">Achetez vos billets<\/a><\/div><\/div><\/div><\/div><div class=\"container-fluid\" id=\"1595\"><div class=\"row\"><div class=\"col-md-6 order-md-2 wp-image-1560\" style=\"background:url(https:\/\/www.countrygatineau.com\/wp-content\/uploads\/2023\/11\/Visuel_PDV_1-aou\u0302t@2x38813_Yannick.png);\"><\/div><div class=\"col-md-6 my-auto\"><h3 class=\"text-center mb-3\"><strong>1er Ao\u00fbt<\/strong><\/h3><div class=\"row\"><div class=\"col-12 col-lg-5 offset-lg-1\"><h5><strong>R\u00e9gulier<\/strong><\/h5><\/div><div class=\"col-12 col-lg-6\"><p>30.44 $ + tx (4.56 $) = 35.00 $<\/p>\n<\/div><div class=\"col-12 col-lg-5 offset-lg-1\"><h5><strong>VIP<\/strong><\/h5><\/div><div class=\"col-12 col-lg-6\"><p>39.14 $ + tx (5.86 $) = 45.00 $<\/p>\n<p>Place r\u00e9serv\u00e9e devant la sc\u00e8ne (chaise fournie)<\/p>\n<\/div><div class=\"col-12 col-lg-5 offset-lg-1\"><h5><strong>Table exclusive pour 4 personnes devant la sc\u00e8ne<\/strong><\/h5><\/div><div class=\"col-12 col-lg-6\"><p>347.90 + tx (52.10 $) = 400.00 $<\/p>\n<\/div><\/div><div class=\"d-flex justify-content-center\"><a class=\"btn contact blanc mt-5 mt-md-4 mt-xl-3\" href=\"https:\/\/lepointdevente.com\/billets\/1-irvinblais\" target=\"_blank\" role=\"button\">Achetez vos billets<\/a><\/div><\/div><\/div><\/div><div class=\"container-fluid\" id=\"1597\"><div class=\"row\"><div class=\"col-md-6  wp-image-1560\" style=\"background:url(https:\/\/www.countrygatineau.com\/wp-content\/uploads\/2023\/11\/Visuel_PDV_2-aou\u0302t@2x38814_Yannick.png);\"><\/div><div class=\"col-md-6 my-auto\"><h3 class=\"text-center mb-3\"><strong>2 Ao\u00fbt<\/strong><\/h3><div class=\"row\"><div class=\"col-12 col-lg-5 offset-lg-1\"><h5><strong>R\u00e9gulier<\/strong><\/h5><\/div><div class=\"col-12 col-lg-6\"><p>21.74 $ + tx (3.36 $) = 25.00 $<\/p>\n<\/div><div class=\"col-12 col-lg-5 offset-lg-1\"><h5><strong>VIP<\/strong><\/h5><\/div><div class=\"col-12 col-lg-6\"><p>30.44 $ + Tx (4.56 $) = 35.00 $<\/p>\n<p>Place r\u00e9serv\u00e9e devant la sc\u00e8ne (chaise fournie)<\/p>\n<\/div><div class=\"col-12 col-lg-5 offset-lg-1\"><h5><strong>Table exclusive pour 4 personnes devant la sc\u00e8ne<\/strong><\/h5><\/div><div class=\"col-12 col-lg-6\"><p>217.44 $ + tx (32.56 $) = 250.00 $<\/p>\n<\/div><\/div><div class=\"d-flex justify-content-center\"><a class=\"btn contact blanc mt-5 mt-md-4 mt-xl-3\" href=\"https:\/\/lepointdevente.com\/billets\/jaykutcher-williambisson-2\" target=\"_blank\" role=\"button\">Achetez vos billets<\/a><\/div><\/div><\/div><\/div><div class=\"container-fluid\" id=\"1598\"><div class=\"row\"><div class=\"col-md-6 order-md-2 wp-image-1560\" style=\"background:url(https:\/\/www.countrygatineau.com\/wp-content\/uploads\/2023\/11\/Visuel_PDV_3-aou\u0302t@2x38815_yannick.png);\"><\/div><div class=\"col-md-6 my-auto\"><h3 class=\"text-center mb-3\"><strong>3 Ao\u00fbt<\/strong><\/h3><div class=\"row\"><div class=\"col-12 col-lg-5 offset-lg-1\"><h5><strong>R\u00e9gulier<\/strong><\/h5><\/div><div class=\"col-12 col-lg-6\"><p>21.74 $ + tx (3.36 $) = 25.00 $<\/p>\n<\/div><div class=\"col-12 col-lg-5 offset-lg-1\"><h5><strong>VIP<\/strong><\/h5><\/div><div class=\"col-12 col-lg-6\"><p>30.44 $ + Tx (4.56 $) = 35.00 $<\/p>\n<p>Place r\u00e9serv\u00e9e devant la sc\u00e8ne (chaise fournie)<\/p>\n<\/div><div class=\"col-12 col-lg-5 offset-lg-1\"><h5><strong>Table exclusive pour 4 personnes devant la sc\u00e8ne<\/strong><\/h5><\/div><div class=\"col-12 col-lg-6\"><p>217.44 $ + tx (32.56 $) = 250.00 $<\/p>\n<\/div><\/div><div class=\"d-flex justify-content-center\"><a class=\"btn contact blanc mt-5 mt-md-4 mt-xl-3\" href=\"https:\/\/lepointdevente.com\/billets\/alanjackson-shaniatwain-3\" target=\"_blank\" role=\"button\">Achetez vos billets<\/a><\/div><\/div><\/div><\/div><div class=\"container-fluid\" id=\"1599\"><div class=\"row\"><div class=\"col-md-6  wp-image-1560\" style=\"background:url(https:\/\/www.countrygatineau.com\/wp-content\/uploads\/2023\/11\/billet-4-aout.jpg);\"><\/div><div class=\"col-md-6 my-auto\"><h3 class=\"text-center mb-3\"><strong>4 Ao\u00fbt<\/strong><\/h3><div class=\"row\"><div class=\"col-12 col-lg-5 offset-lg-1\"><h5><strong>R\u00e9gulier<\/strong><\/h5><\/div><div class=\"col-12 col-lg-6\"><p>21.74 $ + tx (3.36 $) = 25.00 $<\/p>\n<\/div><div class=\"col-12 col-lg-5 offset-lg-1\"><h5><strong>VIP<\/strong><\/h5><\/div><div class=\"col-12 col-lg-6\"><p>30.44 $ + Tx (4.56 $) = 35.00 $<\/p>\n<p>Place r\u00e9serv\u00e9e devant la sc\u00e8ne (chaise fournie)<\/p>\n<\/div><div class=\"col-12 col-lg-5 offset-lg-1\"><h5><strong> Table exclusive pour 4 personnes devant la sc\u00e8ne<\/strong><\/h5><\/div><div class=\"col-12 col-lg-6\"><p>217.44 $ + tx (32.56 $) = 250.00 $<\/p>\n<\/div><\/div><div class=\"d-flex justify-content-center\"><a class=\"btn contact blanc mt-5 mt-md-4 mt-xl-3\" href=\"https:\/\/lepointdevente.com\/billets\/ghys-valerie-danny-yanik-4\" target=\"_blank\" role=\"button\">Achetez vos billets<\/a><\/div><\/div><\/div><\/div><\/section><\/div>\n<\/section>\n","protected":false},"excerpt":{"rendered":"<p>Programmation des spectacles<\/p>\n","protected":false},"author":1,"featured_media":0,"parent":0,"menu_order":0,"comment_status":"closed","ping_status":"closed","template":"","meta":{"_acf_changed":false,"footnotes":""},"class_list":["post-1007","page","type-page","status-publish","hentry"],"acf":[],"_links":{"self":[{"href":"https:\/\/www.countrygatineau.com\/fr\/wp-json\/wp\/v2\/pages\/1007","targetHints":{"allow":["GET"]}}],"collection":[{"href":"https:\/\/www.countrygatineau.com\/fr\/wp-json\/wp\/v2\/pages"}],"about":[{"href":"https:\/\/www.countrygatineau.com\/fr\/wp-json\/wp\/v2\/types\/page"}],"author":[{"embeddable":true,"href":"https:\/\/www.countrygatineau.com\/fr\/wp-json\/wp\/v2\/users\/1"}],"replies":[{"embeddable":true,"href":"https:\/\/www.countrygatineau.com\/fr\/wp-json\/wp\/v2\/comments?post=1007"}],"version-history":[{"count":12,"href":"https:\/\/www.countrygatineau.com\/fr\/wp-json\/wp\/v2\/pages\/1007\/revisions"}],"predecessor-version":[{"id":1514,"href":"https:\/\/www.countrygatineau.com\/fr\/wp-json\/wp\/v2\/pages\/1007\/revisions\/1514"}],"wp:attachment":[{"href":"https:\/\/www.countrygatineau.com\/fr\/wp-json\/wp\/v2\/media?parent=1007"}],"curies":[{"name":"wp","href":"https:\/\/api.w.org\/{rel}","templated":true}]}}