{"id":1003,"date":"2022-02-15T16:25:53","date_gmt":"2022-02-15T21:25:53","guid":{"rendered":"https:\/\/www.countrygatineau.com\/?page_id=1003"},"modified":"2024-05-15T12:51:38","modified_gmt":"2024-05-15T16:51:38","slug":"accueil","status":"publish","type":"page","link":"https:\/\/www.countrygatineau.com\/fr\/","title":{"rendered":"Accueil"},"content":{"rendered":"<section class=\"top-container\">\n<div class=\"container\">\n<div class=\"row\">\n<div class=\"col-md-12\">\n<div class=\"lc-block\">\n\t\t\t\t\t<img loading=\"lazy\" decoding=\"async\" class=\"img-fluid mb-3 wp-image-1341\" src=\"https:\/\/www.countrygatineau.com\/wp-content\/uploads\/2022\/11\/top_Logo_31e.png\" srcset=\"https:\/\/www.countrygatineau.com\/wp-content\/uploads\/2023\/11\/Logo_32e-_484x376.png\" sizes=\"auto, (max-width: 484px) 100vw, 484px\" alt=\"\" width=\"410\" height=\"320\">\n\t\t\t\t<\/div>\n<p><!-- \/lc-block --><\/p>\n<div class=\"lc-block text-white\">\n<div editable=\"rich\">\n<h1 class=\"text-uppercase\">32e \u00e9dition <br \/>du 1er au 4 ao\u00fbt 2024<\/h1>\n<h1>CENTRE PERE ARTHUR GUERTIN (\u00e0 l\u2019int\u00e9rieur)<br \/>16 Rue B\u00e9riault, Gatineau, QC J8X 1A3 <\/h1>\n<\/p><\/div>\n<\/p><\/div>\n<p><!-- \/lc-block --><br \/>\n\t\t\t\t<!-- \/lc-block -->\n\t\t\t<\/div>\n<p><!-- \/col -->\n\t\t<\/div>\n<\/p><\/div>\n<\/section>\n<section class=\"homecontent-container\">\n<div class=\"container\">\n<div class=\"row\">\n<div class=\"col-lg-12\">\n<div class=\"lc-block\">\n<div editable=\"rich\">\n<h2 class=\"h4\">La Famille Charles IGA et Pitou, Minou et compagnons sont fiers de pr\u00e9senter la 32e \u00e9dition <br \/>Festival Country&nbsp;du Grand Gatineau<\/h2>\n<\/p><\/div>\n<\/p><\/div>\n<p><!-- \/lc-block -->\n\t\t\t<\/div>\n<p><!-- \/col --><\/p>\n<div class=\"col-lg-10 col-xxl-9 mx-auto\">\n<div class=\"lc-block\">\n<div editable=\"rich\">\n<p>Pour tous les amateurs de musique country, notre \u00e9v\u00e9nement vous fera d\u00e9couvrir diff\u00e9rents styles de musique country. <\/p>\n<\/p>\n<p>Consultez notre programmation pour l\u2019horaire des diff\u00e9rents spectacles country. <\/p>\n<\/p><\/div>\n<\/p><\/div>\n<div class=\"lc-block\">\n<div lc-helper=\"shortcode\" class=\"live-shortcode d-flex justify-content-center\"><a class=\"btn contact blanc\" href=\"https:\/\/www.countrygatineau.com\/fr\/details-des-evenements\/\" aria-label=\"Voir Programmation\">Voir Programmation<\/a><\/div>\n<\/p><\/div>\n<p><!-- \/lc-block --><br \/>\n\t\t\t\t<!-- \/lc-block -->\n\t\t\t<\/div>\n<p><!-- \/col -->\n\t\t<\/div>\n<\/p><\/div>\n<\/section>\n<section class=\"homeevent-container d-none\">\n<div class=\"container\">\n<div class=\"row\">\n<div class=\"col-lg-12 col-xl-11 mx-auto\">\n<div class=\"lc-block\">\n<div editable=\"rich\">\n<h2 class=\"h5\">Programmation des spectacles country<\/h2>\n<\/p><\/div>\n<\/p><\/div>\n<p><!-- \/lc-block -->\n\t\t\t<\/div>\n<p><!-- \/col --><\/p>\n<div class=\"col-12\">\n<div class=\"lc-block\">\n<div lc-helper=\"shortcode\" class=\"live-shortcode\"><\/div>\n<\/p><\/div>\n<p><!-- \/lc-block -->\n\t\t\t<\/div>\n<p><!-- \/col --><\/p>\n<div class=\"col-12\">\n<div class=\"lc-block text-center\">\n<div lc-helper=\"shortcode\" class=\"live-shortcode\"><a class=\"btn contact blanc\" href=\"https:\/\/www.countrygatineau.com\/fr\/details-des-evenements\/\" aria-label=\"En savoir plus\">En savoir plus<\/a><\/div>\n<\/p><\/div>\n<p><!-- \/lc-block -->\n\t\t\t<\/div>\n<p><!-- \/col -->\n\t\t<\/div>\n<\/p><\/div>\n<\/section>\n","protected":false},"excerpt":{"rendered":"<p>32e \u00e9dition du 1er au 4 ao\u00fbt 2024 CENTRE PERE ARTHUR GUERTIN (\u00e0 l\u2019int\u00e9rieur)16 Rue B\u00e9riault, Gatineau, QC J8X 1A3 La Famille Charles IGA et Pitou, Minou et compagnons sont [&hellip;]<\/p>\n","protected":false},"author":1,"featured_media":0,"parent":0,"menu_order":0,"comment_status":"closed","ping_status":"closed","template":"","meta":{"_acf_changed":false,"footnotes":""},"class_list":["post-1003","page","type-page","status-publish","hentry"],"acf":[],"_links":{"self":[{"href":"https:\/\/www.countrygatineau.com\/fr\/wp-json\/wp\/v2\/pages\/1003","targetHints":{"allow":["GET"]}}],"collection":[{"href":"https:\/\/www.countrygatineau.com\/fr\/wp-json\/wp\/v2\/pages"}],"about":[{"href":"https:\/\/www.countrygatineau.com\/fr\/wp-json\/wp\/v2\/types\/page"}],"author":[{"embeddable":true,"href":"https:\/\/www.countrygatineau.com\/fr\/wp-json\/wp\/v2\/users\/1"}],"replies":[{"embeddable":true,"href":"https:\/\/www.countrygatineau.com\/fr\/wp-json\/wp\/v2\/comments?post=1003"}],"version-history":[{"count":84,"href":"https:\/\/www.countrygatineau.com\/fr\/wp-json\/wp\/v2\/pages\/1003\/revisions"}],"predecessor-version":[{"id":1666,"href":"https:\/\/www.countrygatineau.com\/fr\/wp-json\/wp\/v2\/pages\/1003\/revisions\/1666"}],"wp:attachment":[{"href":"https:\/\/www.countrygatineau.com\/fr\/wp-json\/wp\/v2\/media?parent=1003"}],"curies":[{"name":"wp","href":"https:\/\/api.w.org\/{rel}","templated":true}]}}